{"id":57,"date":"2015-04-30T08:49:53","date_gmt":"2015-04-30T06:49:53","guid":{"rendered":"https:\/\/sdv-nidelbad.ch\/?page_id=57"},"modified":"2026-03-10T07:08:30","modified_gmt":"2026-03-10T06:08:30","slug":"geschichte-2","status":"publish","type":"page","link":"https:\/\/sdv-nidelbad.ch\/?page_id=57","title":{"rendered":"Geschichte"},"content":{"rendered":"<div id=\"pl-57\"  class=\"panel-layout\" ><div id=\"pg-57-0\"  class=\"panel-grid panel-no-style\" ><div id=\"pgc-57-0-0\"  class=\"panel-grid-cell\" ><div id=\"panel-57-0-0-0\" class=\"so-panel widget widget_sow-editor panel-first-child panel-last-child\" data-index=\"0\" ><div\n\t\t\t\n\t\t\tclass=\"so-widget-sow-editor so-widget-sow-editor-base\"\n\t\t\t\n\t\t>\n<div class=\"siteorigin-widget-tinymce textwidget\">\n\t<p><img loading=\"lazy\" decoding=\"async\" class=\"size-medium wp-image-226 alignleft\" src=\"https:\/\/sdv-nidelbad.ch\/wp-content\/uploads\/2024\/10\/Schelker_Haug-182x300.jpg\" alt=\"\" width=\"182\" height=\"300\" \/>Am 30. November 1906 schlossen sich in Z\u00fcrich die ledigen<em> Br\u00fcder und Schwestern vom gemeinsamen Leben<\/em>, sowie die Diakone vom <em>Diakonenverband St. Stephanus<\/em> zum <em>Schweizerischen Diakonieverein<\/em> zusammen.<\/p>\n<div id=\"Layer9\">\n<p>Sie waren in Spit\u00e4lern, in Privat-, Armen- und Gemeindepflege und in der Kinder- und Jugendarbeit t\u00e4tig. Mit dem neuen Verein bezweckten sie, \"auf dem Gebiete der Schweizerischen Eidgenossenschaft die dem Evangelium entsprechende christliche Lebens- und Glaubenseinheit aller Christen zu verwirklichen\". Die Gemeinschaft hat sich zum Ziel gesetzt, sowohl im religi\u00f6sen als auch im sozialen und politischen Lebensbereich den Mitmenschen tatkr\u00e4ftiger und in uneigenn\u00fctziger Weise zu dienen.<\/p>\n<p>Der Dienst am N\u00e4chsten, der im Rahmen des Schweizerischen Diakonievereins geleistet wurdee, bestand urspr\u00fcnglich vorwiegend in der Pflege von Kranken. Die Gr\u00fcnder, <em>Jakob Schelker-Kellenberger<\/em> und <em>Gotthilf Haug<\/em> waren, wie die meisten ihrer Mitbr\u00fcder in den Spit\u00e4lern und auf den Stationen hatten ihre Ausbildung als Krankenpfleger im Basler Diakonenhaus (1888-1908) erhalten.<\/p>\n<p>Im Sinne einer <em>umfassenden Diakonie<\/em> leisten die Mitglieder ihren Dienst da, wo auch immer ihr Einsatz ben\u00f6tigt wurde: in der Heimleitung, in der Administration, in der K\u00fcche, in der mechanischen Werkstatt, im Pflegedienst, in der G\u00e4stebetreuung, im Unterricht oder in irgend einer anderen dem Werk und dem Reich Gottes dienenden Funktion innerhalb oder ausserhalb des Vereins.<\/p>\n<p>Dem <em>Schweizerischen Diakonieverein<\/em> geh\u00f6ren sowohl ledige Br\u00fcder und Schwestern, wie auch verheiratete Geschwister mit ihren Familien an. In der <em>Kommunit\u00e4t Nidelbad<\/em> leben die Mitglieder in verbindlicher Dienst-, Lebens- und G\u00fctergemeinschaften.<\/p>\n<p>W\u00e4hrend der Einzelne aktives Mitglied seiner Herkunftskonfession bleibt, hat der <em>Schweizerische Diakonieverein<\/em> ganzheitlichen Charakter. Dieser zeigt sich auch in der Gestalt der \u00f6kumenischen Kapelle im Nidelbad. In dieser Kapelle werden t\u00e4glich Gebete und Gottesdienste in verschiedenen konfessionellen Traditionen gehalten. Als \"Dienst an der Einheit\" verstehen sich aber auch die verschiedenen Veranstaltungen w\u00e4hrend des Jahres. Zu diesen Anl\u00e4ssen z\u00e4hlt besonders auch der von 1921 und bis 2011 j\u00e4hrlich im Nidelbad \u00f6ffentlich durchgef\u00fchrte <em>\u00d6kumenische Kirchentag.<\/em><\/p>\n<p>In diesem Diakoniewerk, das der t\u00e4tigen N\u00e4chstenliebe gewidmet ist, nahm das <em>Haus St. Stephanus im Nidelbad<\/em> eine zentrale Stellung ein. 1908 erworben, war es Sitz des <em>Schweizerischen Diakonievereins, der <\/em><em>Diakonieschule Nidelbad<\/em> und von <em>Diakonie Nidelbad<\/em>. Dazu beherbergte es als <em>G\u00e4stehaus Nidelbad<\/em> sowohl Einzelg\u00e4ste wie auch Seminare und Tagungen. Auf demselben Areal befinden sich noch das Pflegezentrum Nidelbad, das Betreuungszentrum, die Kinderkrippe, verschiedene Personalh\u00e4user und die Wohnh\u00e4user der Lebensgemeinschaft Nidelbad.<\/p>\n<p><strong>Diakonie Nidelbad<\/strong><\/p>\n<p>In der <em>Diakonie Nidelbad<\/em> wurde der Diakoniegedanke des Schweizerischen Diakonievereins operativ umgesetzt. Sie \u00fcbernahm die Leitung aller H\u00e4user und Stationen, sowie der damit verbundenen Dienste.<br \/>\nNebst den schon erw\u00e4hnten H\u00e4usern und Betrieben im Nidelbad befinden sich in R\u00fcschlikon noch die landwirtschaftlichen Pachtbetriebe Hinter und Vorder L\u00e4ngimoos.<br \/>\nIn Z\u00fcrich stehen das Pflegezentrum Erlenhof, das Br\u00fcderhaus Philadelphia (eigentliches \u201dGeburtshaus\u201d des Schweizerischen Diakonievereins) und das Haus Hildastrasse 16, mit zehn g\u00fcnstigen Stadtwohnungen. F\u00fcr kleine und grosse Familien sehr geeignet sind die vier Toggenburger Ferienh\u00e4user.<br \/>\nIn der Sonnenstube der Schweiz laden die Casa Emmaus in Losone, sowie die Casa Santa Maria in Ronco \u00fcber Ascona zu erholsamen Ferien ein.<\/p>\n<p><strong>Stiftung St. Stephanus<\/strong><\/p>\n<p>2020 ging Diakonie Nidelbad mit allen H\u00e4usern und Aufgaben in die <em><a href=\"https:\/\/nidelbad.ch\" target=\"_blank\" rel=\"noopener\">Stiftung St. Stephanus<\/a>\u00a0<\/em>\u00fcber. Die Mitglieder des Schweizerische\u00a0 Diakonievereins leben ihren Kr\u00e4ften und M\u00f6glichkeiten entsprechend weiterhin den urspr\u00fcnglichen Grundauftrag: <em>Dienst an der Einheit der Christen<\/em>.<\/p>\n<\/div>\n<\/div>\n<\/div><\/div><\/div><\/div><\/div>","protected":false},"excerpt":{"rendered":"<p>Am 30. November 1906 schlossen sich in Z\u00fcrich die ledigen Br\u00fcder und Schwestern vom gemeinsamen Leben, sowie die Diakone vom Diakonenverband St. Stephanus zum Schweizerischen Diakonieverein zusammen. Sie waren in &#8230;<\/p>\n","protected":false},"author":1,"featured_media":0,"parent":0,"menu_order":1,"comment_status":"closed","ping_status":"closed","template":"template-fullwidth.php","meta":{"footnotes":""},"class_list":["post-57","page","type-page","status-publish","hentry"],"_links":{"self":[{"href":"https:\/\/sdv-nidelbad.ch\/index.php?rest_route=\/wp\/v2\/pages\/57","targetHints":{"allow":["GET"]}}],"collection":[{"href":"https:\/\/sdv-nidelbad.ch\/index.php?rest_route=\/wp\/v2\/pages"}],"about":[{"href":"https:\/\/sdv-nidelbad.ch\/index.php?rest_route=\/wp\/v2\/types\/page"}],"author":[{"embeddable":true,"href":"https:\/\/sdv-nidelbad.ch\/index.php?rest_route=\/wp\/v2\/users\/1"}],"replies":[{"embeddable":true,"href":"https:\/\/sdv-nidelbad.ch\/index.php?rest_route=%2Fwp%2Fv2%2Fcomments&post=57"}],"version-history":[{"count":15,"href":"https:\/\/sdv-nidelbad.ch\/index.php?rest_route=\/wp\/v2\/pages\/57\/revisions"}],"predecessor-version":[{"id":428,"href":"https:\/\/sdv-nidelbad.ch\/index.php?rest_route=\/wp\/v2\/pages\/57\/revisions\/428"}],"wp:attachment":[{"href":"https:\/\/sdv-nidelbad.ch\/index.php?rest_route=%2Fwp%2Fv2%2Fmedia&parent=57"}],"curies":[{"name":"wp","href":"https:\/\/api.w.org\/{rel}","templated":true}]}}