{"id":414,"date":"2025-07-30T19:15:19","date_gmt":"2025-07-30T17:15:19","guid":{"rendered":"https:\/\/sdv-nidelbad.ch\/?page_id=414"},"modified":"2025-07-30T19:27:06","modified_gmt":"2025-07-30T17:27:06","slug":"lesenswertes","status":"publish","type":"page","link":"https:\/\/sdv-nidelbad.ch\/?page_id=414","title":{"rendered":"Lesenswertes zu Diakonie"},"content":{"rendered":"<h5>Hier sind einige interessante Artikel zum Thema &#8222;Diakonie&#8220;:<\/h5>\n<ul>\n<li><span style=\"font-size: 10pt; font-family: verdana,geneva;\"><a href=\"https:\/\/sdv-nidelbad.ch\/wp-content\/uploads\/2025\/07\/paolo_ricca_diakonie.pdf\" target=\"_blank\" rel=\"noopener\"><strong>Der Beitrag der Diakonie zur sozialen Zukunft <\/strong><\/a>&#8211; <\/span><span style=\"font-size: 10pt; font-family: verdana,geneva;\">Paolo Ricca<br \/><\/span><\/li>\n<li><span style=\"font-size: 10pt; font-family: verdana,geneva;\"><a href=\"https:\/\/sdv-nidelbad.ch\/wp-content\/uploads\/2025\/07\/diakonie_macht_kirche_gesellschaftsrelevant.pdf\" target=\"_blank\" rel=\"noopener\"><strong>Diakonie macht Kirche gesellschaftsrelevant<\/strong> <\/a>&#8211; Christoph Sigrist<\/span><\/li>\n<li><span style=\"font-size: 10pt; font-family: verdana,geneva;\">\u00a0<\/span><a href=\"https:\/\/sdv-nidelbad.ch\/wp-content\/uploads\/2025\/07\/120424_vortrag_brigitte_arnold_dk_sek.pdf\" target=\"_blank\" rel=\"noopener\"><strong>Diakonie, ein Wesensmerkmal Christlicher Identit\u00e4t &#8211; von Christus zum Dienst am n\u00e4chsten gef\u00fchrt<\/strong><\/a> &#8211; Sr. Brigitte Arnold<\/li>\n<li><span style=\"font-size: 10pt; font-family: verdana,geneva;\">\u00a0<\/span><a href=\"https:\/\/sdv-nidelbad.ch\/wp-content\/uploads\/2025\/07\/120424_vortrag_heinz_rueegger_dk_sek.pdf\" target=\"_blank\" rel=\"noopener\"><strong>Diakonie als helfendes Handeln \u2013 Von der Hilfe-F\u00e4higkeit und Hilfe-Bed\u00fcrftigkeit aller Menschen<\/strong><\/a> &#8211; Heinz R\u00fcegger<\/li>\n<li><span style=\"font-family: verdana,geneva; font-size: 10pt;\">\u00a0<\/span><a href=\"https:\/\/sdv-nidelbad.ch\/wp-content\/uploads\/2025\/07\/diakonie_im_horizont_des_reiches_gottes.pdf\" target=\"_blank\" rel=\"noopener\"><strong>Diakonie im Horizont des Reiches Gottes &#8211; Thesen von J\u00fcrgen Moltmann<\/strong><\/a><\/li>\n<li><span style=\"font-family: verdana,geneva; font-size: 10pt;\">\u00a0<\/span><a href=\"https:\/\/sdv-nidelbad.ch\/wp-content\/uploads\/2025\/07\/was_ist_diakonisch_am_christlichen_handeln.pdf\" target=\"_blank\" rel=\"noopener\"><strong>Was ist &#8222;diakonisch&#8220; am christlichen Handeln<\/strong><\/a> &#8211; Marco W\u00fcrgler<\/li>\n<\/ul>\n\n\n<p><\/p>\n","protected":false},"excerpt":{"rendered":"<p>Hier sind einige interessante Artikel zum Thema &#8222;Diakonie&#8220;: Der Beitrag der Diakonie zur sozialen Zukunft &#8211; Paolo Ricca Diakonie macht Kirche gesellschaftsrelevant &#8211; Christoph Sigrist \u00a0Diakonie, ein Wesensmerkmal Christlicher Identit\u00e4t &#8230;<\/p>\n","protected":false},"author":1,"featured_media":0,"parent":0,"menu_order":0,"comment_status":"closed","ping_status":"closed","template":"","meta":{"footnotes":""},"class_list":["post-414","page","type-page","status-publish","hentry"],"_links":{"self":[{"href":"https:\/\/sdv-nidelbad.ch\/index.php?rest_route=\/wp\/v2\/pages\/414","targetHints":{"allow":["GET"]}}],"collection":[{"href":"https:\/\/sdv-nidelbad.ch\/index.php?rest_route=\/wp\/v2\/pages"}],"about":[{"href":"https:\/\/sdv-nidelbad.ch\/index.php?rest_route=\/wp\/v2\/types\/page"}],"author":[{"embeddable":true,"href":"https:\/\/sdv-nidelbad.ch\/index.php?rest_route=\/wp\/v2\/users\/1"}],"replies":[{"embeddable":true,"href":"https:\/\/sdv-nidelbad.ch\/index.php?rest_route=%2Fwp%2Fv2%2Fcomments&post=414"}],"version-history":[{"count":10,"href":"https:\/\/sdv-nidelbad.ch\/index.php?rest_route=\/wp\/v2\/pages\/414\/revisions"}],"predecessor-version":[{"id":426,"href":"https:\/\/sdv-nidelbad.ch\/index.php?rest_route=\/wp\/v2\/pages\/414\/revisions\/426"}],"wp:attachment":[{"href":"https:\/\/sdv-nidelbad.ch\/index.php?rest_route=%2Fwp%2Fv2%2Fmedia&parent=414"}],"curies":[{"name":"wp","href":"https:\/\/api.w.org\/{rel}","templated":true}]}}