{"id":394,"date":"2025-07-07T11:17:35","date_gmt":"2025-07-07T09:17:35","guid":{"rendered":"https:\/\/sdv-nidelbad.ch\/?page_id=394"},"modified":"2025-07-30T18:44:00","modified_gmt":"2025-07-30T16:44:00","slug":"diakonie","status":"publish","type":"page","link":"https:\/\/sdv-nidelbad.ch\/?page_id=394","title":{"rendered":"Diakonie?"},"content":{"rendered":"<div id=\"pl-394\"  class=\"panel-layout\" ><div id=\"pg-394-0\"  class=\"panel-grid panel-no-style\" ><div id=\"pgc-394-0-0\"  class=\"panel-grid-cell\" ><div id=\"panel-394-0-0-0\" class=\"so-panel widget widget_sow-editor panel-first-child panel-last-child\" data-index=\"0\" ><div\n\t\t\t\n\t\t\tclass=\"so-widget-sow-editor so-widget-sow-editor-base\"\n\t\t\t\n\t\t>\n<div class=\"siteorigin-widget-tinymce textwidget\">\n\t<p><img loading=\"lazy\" decoding=\"async\" class=\"wp-image-390 alignleft\" src=\"https:\/\/sdv-nidelbad.ch\/wp-content\/uploads\/2025\/07\/LDKM-300x298.jpg\" alt=\"\" width=\"408\" height=\"405\" srcset=\"https:\/\/sdv-nidelbad.ch\/wp-content\/uploads\/2025\/07\/LDKM-300x298.jpg 300w, https:\/\/sdv-nidelbad.ch\/wp-content\/uploads\/2025\/07\/LDKM-150x150.jpg 150w, https:\/\/sdv-nidelbad.ch\/wp-content\/uploads\/2025\/07\/LDKM.jpg 372w\" sizes=\"auto, (max-width: 408px) 100vw, 408px\" \/><strong><em>Diakonie<\/em> (griech. \u00abDiakonia\u00bb = Dienst) ist neben dem <em>Gottesdiest<\/em> (\u00abLiturgia\u00bb), dem <em>Zeugnis<\/em> (\u00abMartyria\u00bb) und der <em>Gemeinschaft<\/em> (\u00abKoinonia\u00bb) einer der vier Wesensz\u00fcge der Kirche.<\/strong><\/p>\n<p>Nur wenn diese aufeinander bezogen bleiben, kann die Kirche ihre eigentliche Berufung in der Gesellschaft und Welt erf\u00fcllen.<\/p>\n<p>&nbsp;<\/p>\n<p><strong>Diakonie ist gelebter Glaube (Nachfolge)<\/strong><\/p>\n<p><strong>Diakonie\u00a0ist vollzogene Fusswaschung<\/strong><\/p>\n<p><strong>Diakonie\u00a0ist Sendung im Namen und Auftrag Jesu<\/strong><\/p>\n<p><strong>Diakonie\u00a0ist unser Gottesdienst als Antwort auf Gottes Dienst an uns<\/strong><\/p>\n<p><strong>Diakonie\u00a0hat L\u00fcckenb\u00fcsserfunktion und ist zugleich prophetisch-vision\u00e4r<\/strong><\/p>\n<p><strong>Diakonie\u00a0vollzieht sich in der Dimension des Reiches Gottes.<\/strong><\/p>\n<p>...<\/p>\n<p>&nbsp;<\/p>\n<p><strong>Die Ans\u00e4tze der Diakonie:<\/strong><\/p>\n<ul>\n<li>Global denken (Reich Gottes)\u00a0 - lokal handeln (dort wo man lebt)<\/li>\n<li>Das Vollkommene vor Augen, Mut zum Unvollkommenen<\/li>\n<li>\u201cLohnt sich der Einsatz?\u201d: Diese Frage kennt sie nicht!<\/li>\n<li>\u201cIm Notwendigen Einheit, im Zweifel Freiheit, in Allem die Liebe\u201d(Augustinus)<\/li>\n<li>...<\/li>\n<\/ul>\n<p>&nbsp;<\/p>\n<p><strong>Diakonie wirkt...<\/strong><\/p>\n<ul>\n<li>Vers\u00f6hnung gegen Trennung<\/li>\n<li>Frieden gegen Feindschaft<\/li>\n<li>Einheit gegen Spaltung<\/li>\n<li>Gerechtigkeit gegen Gewalt<\/li>\n<li>N\u00e4chstenliebe gegen Egoismus<\/li>\n<li>Hoffnung gegen Resignation<\/li>\n<li>...<\/li>\n<\/ul>\n<\/div>\n<\/div><\/div><\/div><\/div><\/div>","protected":false},"excerpt":{"rendered":"<p>Diakonie (griech. \u00abDiakonia\u00bb = Dienst) ist neben dem Gottesdiest (\u00abLiturgia\u00bb), dem Zeugnis (\u00abMartyria\u00bb) und der Gemeinschaft (\u00abKoinonia\u00bb) einer der vier Wesensz\u00fcge der Kirche. Nur wenn diese aufeinander bezogen bleiben, kann &#8230;<\/p>\n","protected":false},"author":1,"featured_media":0,"parent":0,"menu_order":8,"comment_status":"closed","ping_status":"closed","template":"template-fullwidth.php","meta":{"footnotes":""},"class_list":["post-394","page","type-page","status-publish","hentry"],"_links":{"self":[{"href":"https:\/\/sdv-nidelbad.ch\/index.php?rest_route=\/wp\/v2\/pages\/394","targetHints":{"allow":["GET"]}}],"collection":[{"href":"https:\/\/sdv-nidelbad.ch\/index.php?rest_route=\/wp\/v2\/pages"}],"about":[{"href":"https:\/\/sdv-nidelbad.ch\/index.php?rest_route=\/wp\/v2\/types\/page"}],"author":[{"embeddable":true,"href":"https:\/\/sdv-nidelbad.ch\/index.php?rest_route=\/wp\/v2\/users\/1"}],"replies":[{"embeddable":true,"href":"https:\/\/sdv-nidelbad.ch\/index.php?rest_route=%2Fwp%2Fv2%2Fcomments&post=394"}],"version-history":[{"count":11,"href":"https:\/\/sdv-nidelbad.ch\/index.php?rest_route=\/wp\/v2\/pages\/394\/revisions"}],"predecessor-version":[{"id":413,"href":"https:\/\/sdv-nidelbad.ch\/index.php?rest_route=\/wp\/v2\/pages\/394\/revisions\/413"}],"wp:attachment":[{"href":"https:\/\/sdv-nidelbad.ch\/index.php?rest_route=%2Fwp%2Fv2%2Fmedia&parent=394"}],"curies":[{"name":"wp","href":"https:\/\/api.w.org\/{rel}","templated":true}]}}