{"id":288,"date":"2024-10-19T09:46:17","date_gmt":"2024-10-19T07:46:17","guid":{"rendered":"https:\/\/sdv-nidelbad.ch\/?page_id=288"},"modified":"2024-10-19T13:04:13","modified_gmt":"2024-10-19T11:04:13","slug":"288-2","status":"publish","type":"page","link":"https:\/\/sdv-nidelbad.ch\/?page_id=288","title":{"rendered":"Links"},"content":{"rendered":"<div id=\"pl-288\"  class=\"panel-layout\" ><div id=\"pg-288-0\"  class=\"panel-grid panel-no-style\" ><div id=\"pgc-288-0-0\"  class=\"panel-grid-cell\" ><div id=\"panel-288-0-0-0\" class=\"so-panel widget widget_sow-editor panel-first-child panel-last-child\" data-index=\"0\" ><div\n\t\t\t\n\t\t\tclass=\"so-widget-sow-editor so-widget-sow-editor-base\"\n\t\t\t\n\t\t>\n<div class=\"siteorigin-widget-tinymce textwidget\">\n\t<p><strong>Links die uns wichtig sind:<\/strong><\/p>\n<div id=\"Layer3\">\n<ul>\n<li><a href=\"http:\/\/nidelbad.ch\" target=\"_blank\" rel=\"noopener\"><strong>Stiftung<\/strong> <strong>St. Stehanus, Nidelbad<\/strong><\/a><\/li>\n<li><a href=\"http:\/\/www.diakonie.ch\" target=\"_blank\" rel=\"noopener\"><strong>Diakonie.ch<\/strong><\/a><\/li>\n<li><strong><a href=\"http:\/\/www.diakonieforum.ch\" target=\"_blank\" rel=\"noopener\">Diakonieforum<\/a><\/strong><\/li>\n<li><strong><a href=\"http:\/\/qkp.ch\" target=\"_blank\" rel=\"noopener\">Quartierkloster Philadelphia, Z\u00fcrich<\/a><\/strong><\/li>\n<li><strong><a href=\"http:\/\/stadtkloster.ch\" target=\"_blank\" rel=\"noopener\">Stadtkloster Z\u00fcrich<\/a><\/strong><\/li>\n<li><strong><a href=\"http:\/\/www.santegidio.org\" target=\"_blank\" rel=\"noopener\">Comunit\u00e0 Sant'Egidio<\/a><\/strong><\/li>\n<li><strong><a href=\"http:\/\/www.fokolar-bewegung.ch\/\" target=\"_blank\" rel=\"noopener\">Fokolar-Bewegung<\/a><\/strong><\/li>\n<li><strong><a href=\"http:\/\/www.evbg.ch\" target=\"_blank\" rel=\"noopener\">VBG - Vereinigte Bibelgruppen<\/a><\/strong><\/li>\n<li><a href=\"http:\/\/www.nswas.com\/\" target=\"_blank\" rel=\"noopener\"><strong>Neve Shalom - What al-Salam<\/strong><\/a><\/li>\n<li><strong><a href=\"http:\/\/www.wolfgang-bittner.net\/\" target=\"_blank\" rel=\"noopener\">Wolfgang J. und Ulrike Bittner<\/a><\/strong><\/li>\n<li><a href=\"http:\/\/www.diakonissen-riehen.ch\" target=\"_blank\" rel=\"noopener\"><strong>Diakonissenhaus Riehen<\/strong><\/a><\/li>\n<li><a href=\"http:\/\/www.ref-rueschlikon.ch\" target=\"_blank\" rel=\"noopener\"><strong>Evangelisch-reformierte Kirchgemeinde R\u00fcschlikon<\/strong><\/a><\/li>\n<li><a href=\"http:\/\/www.kath.ch\/rueschlikon\" target=\"_blank\" rel=\"noopener\"><strong>Katholische Kirche R\u00fcschlikon<\/strong><\/a><\/li>\n<li><a href=\"http:\/\/doncamillo.org\" target=\"_blank\" rel=\"noopener\"><strong>Montmirail Communaut\u00e9 Don Camillo<\/strong><\/a><\/li>\n<\/ul>\n<\/div>\n<p>&nbsp;<\/p>\n<p>&nbsp;<\/p>\n<p>&nbsp;<\/p>\n<\/div>\n<\/div><\/div><\/div><\/div><\/div>","protected":false},"excerpt":{"rendered":"<p>Links die uns wichtig sind: Stiftung St. Stehanus, Nidelbad Diakonie.ch Diakonieforum Quartierkloster Philadelphia, Z\u00fcrich Stadtkloster Z\u00fcrich Comunit\u00e0 Sant&#8217;Egidio Fokolar-Bewegung VBG &#8211; Vereinigte Bibelgruppen Neve Shalom &#8211; What al-Salam Wolfgang J. &#8230;<\/p>\n","protected":false},"author":1,"featured_media":0,"parent":0,"menu_order":5,"comment_status":"closed","ping_status":"closed","template":"","meta":{"footnotes":""},"class_list":["post-288","page","type-page","status-publish","hentry"],"_links":{"self":[{"href":"https:\/\/sdv-nidelbad.ch\/index.php?rest_route=\/wp\/v2\/pages\/288","targetHints":{"allow":["GET"]}}],"collection":[{"href":"https:\/\/sdv-nidelbad.ch\/index.php?rest_route=\/wp\/v2\/pages"}],"about":[{"href":"https:\/\/sdv-nidelbad.ch\/index.php?rest_route=\/wp\/v2\/types\/page"}],"author":[{"embeddable":true,"href":"https:\/\/sdv-nidelbad.ch\/index.php?rest_route=\/wp\/v2\/users\/1"}],"replies":[{"embeddable":true,"href":"https:\/\/sdv-nidelbad.ch\/index.php?rest_route=%2Fwp%2Fv2%2Fcomments&post=288"}],"version-history":[{"count":2,"href":"https:\/\/sdv-nidelbad.ch\/index.php?rest_route=\/wp\/v2\/pages\/288\/revisions"}],"predecessor-version":[{"id":290,"href":"https:\/\/sdv-nidelbad.ch\/index.php?rest_route=\/wp\/v2\/pages\/288\/revisions\/290"}],"wp:attachment":[{"href":"https:\/\/sdv-nidelbad.ch\/index.php?rest_route=%2Fwp%2Fv2%2Fmedia&parent=288"}],"curies":[{"name":"wp","href":"https:\/\/api.w.org\/{rel}","templated":true}]}}