{"id":281,"date":"2024-10-19T09:09:44","date_gmt":"2024-10-19T07:09:44","guid":{"rendered":"https:\/\/sdv-nidelbad.ch\/?page_id=281"},"modified":"2026-03-23T15:20:28","modified_gmt":"2026-03-23T14:20:28","slug":"buechertisch","status":"publish","type":"page","link":"https:\/\/sdv-nidelbad.ch\/?page_id=281","title":{"rendered":"Schriften"},"content":{"rendered":"<div id=\"pl-gb281-6a079aeb53474\"  class=\"panel-layout\" ><div id=\"pg-gb281-6a079aeb53474-0\"  class=\"panel-grid panel-no-style\" ><div id=\"pgc-gb281-6a079aeb53474-0-0\"  class=\"panel-grid-cell\" ><div id=\"panel-gb281-6a079aeb53474-0-0-0\" class=\"so-panel widget widget_sow-editor panel-first-child panel-last-child\" data-index=\"0\" ><div\n\t\t\t\n\t\t\tclass=\"so-widget-sow-editor so-widget-sow-editor-base\"\n\t\t\t\n\t\t>\n<div class=\"siteorigin-widget-tinymce textwidget\">\n\t<h4 class=\"Stil6\">Publikationen des Schweizerischen Diakonievereins:<\/h4>\n<p><strong>Chronik des Schweizerischen Diakonievereins 1899-1945<\/strong><br \/>\nGeschichte der Entstehungs- und Konsolidierungsjahre des Schweizerischen Diakonievereins, von Heini Gut.<\/p>\n<p><strong>Das Nidelbad R\u00fcschlikon &#8211; einst und jetzt<\/strong><br \/>\nIn Zusammenarbeit mit der politischen Ortsgemeinde entstand diese Schrift, \u00fcber die historischen Wurzeln (Anfangs des 16. Jahrhunderts) und die Entwicklung des Nidelbads, vom Kurbad zum heutigen Diakonenhaus St. Stephanus.<\/p>\n<p><strong>Erinnerungen<\/strong><br \/>\nDie Texte von Johannes Schelker &#8211; zusammengestellt von Heini Gut<br \/>\nbeinhalten wertvolles Material zur Geschichte des Schweizerischen Diakonievereins.<\/p>\n<p><strong>Max Josef Metzger 1887-1944<\/strong><br \/>\nNach einem Referat von Michael Decker \u00fcber den katholischen Priester und M\u00e4rtyrer. Dieser grosse K\u00e4mpfer f\u00fcr \u00d6kumene und Einheit ist leider noch immer viel zu wenig bekannt.<\/p>\n<p><strong>Dag Hammarskj\u00f6ld 1905-1961<\/strong><br \/>\nNach einem Referat von Marco W\u00fcrgler. Dass Politik und Mystik sich nicht auszuschliessen brauchen, zeigt das Portrait des 2. Generalsekret\u00e4rs der Vereinten Nationen auf eindr\u00fcckliche Weise.<\/p>\n<p><strong>Die einstigen periodischen Publikationen<\/strong> (Diakoniebote\/Sendbote, Sammlung-Dienst-Sendung, Kollektenbl\u00e4tter, Jahresschriften, Panorama, Unser Dienst, Kirchentagshefte) sind im Archiv auch als PDF-Dateien vorhanden.<\/p>\n<p><strong>Jona &#8211; 5 Predigten<br \/>\n<\/strong>Von Werner Burkhard, Pfr. EMK, die durch ihre diakonische und lebensnahe Auslegung \u00fcberzeugen.<\/p>\n<p><strong>Lina Schelker (1861-1936)<\/strong><br \/>\nDie Lebensgeschichte einer Schwester vom gemeinsamen Leben.<\/p>\n<p>Die einstigen periodischen Publikationen (Diakoniebote\/Sendbote, Sammlung-Dienst-Sendung, Kollektenblatt, Jahresschrift, Panorama, Unser Dienst, Kirchentagsheft) sind im Archiv auch als PDF-Dateien vorhanden.<\/p>\n<p>&nbsp;<\/p>\n<h4 class=\"Stil6\"><strong>Weitere Publikationen auf dem B\u00fcchertisch:<\/strong><\/h4>\n<p><strong>Maxime Kovalevsky, &#8222;L\u2019homme qui chantait Dieu&#8220;<\/strong><br \/>\nF\u00fcr diejenigen, die der franz\u00f6sischen Sprache m\u00e4chtig sind, ist diese Biographie des 1988 \u201ddem Himmel geborenen\u201d grossen orthodoxen Liturgikers zu empfehlen. Nicht nur wegen seiner Musik, sondern wegen seiner Herzensweite und Glaubenshaltung hatte er einen Ehrenplatz unter den Br\u00fcdern des Diakonenhauses St. Stephanus und auch in den Herzen derer, die ihn gekannt haben.<\/p>\n<p><strong>Maxime Kovalevsky &#8222;Der Herzensgesang&#8220;, DVD franz\u00f6sich\/deutsch (auch als MP4-Dateien)<\/strong><br \/>\nGibt nicht nur ein sch\u00f6nes Portrait des orthodoxen Liturgikers wieder, sondern enth\u00e4lt auch viel Aufschlussreiches \u00fcber den liturgischen Gesang.<\/p>\n<p>&nbsp;<\/p>\n<p>F\u00fcr weitere Informationen zum B\u00fcchertisch: Marco W\u00fcrgler, marco.wuergler@sdv-nidelbad.ch<\/p>\n<\/div>\n<\/div><\/div><\/div><\/div><\/div>\n\n\n<p><\/p>\n","protected":false},"excerpt":{"rendered":"<p>Publikationen des Schweizerischen Diakonievereins: Chronik des Schweizerischen Diakonievereins 1899-1945 Geschichte der Entstehungs- und Konsolidierungsjahre des Schweizerischen Diakonievereins, von Heini Gut. Das Nidelbad R\u00fcschlikon &#8211; einst und jetzt In Zusammenarbeit mit &#8230;<\/p>\n","protected":false},"author":1,"featured_media":0,"parent":0,"menu_order":4,"comment_status":"closed","ping_status":"closed","template":"template-fullwidth.php","meta":{"footnotes":""},"class_list":["post-281","page","type-page","status-publish","hentry"],"_links":{"self":[{"href":"https:\/\/sdv-nidelbad.ch\/index.php?rest_route=\/wp\/v2\/pages\/281","targetHints":{"allow":["GET"]}}],"collection":[{"href":"https:\/\/sdv-nidelbad.ch\/index.php?rest_route=\/wp\/v2\/pages"}],"about":[{"href":"https:\/\/sdv-nidelbad.ch\/index.php?rest_route=\/wp\/v2\/types\/page"}],"author":[{"embeddable":true,"href":"https:\/\/sdv-nidelbad.ch\/index.php?rest_route=\/wp\/v2\/users\/1"}],"replies":[{"embeddable":true,"href":"https:\/\/sdv-nidelbad.ch\/index.php?rest_route=%2Fwp%2Fv2%2Fcomments&post=281"}],"version-history":[{"count":7,"href":"https:\/\/sdv-nidelbad.ch\/index.php?rest_route=\/wp\/v2\/pages\/281\/revisions"}],"predecessor-version":[{"id":439,"href":"https:\/\/sdv-nidelbad.ch\/index.php?rest_route=\/wp\/v2\/pages\/281\/revisions\/439"}],"wp:attachment":[{"href":"https:\/\/sdv-nidelbad.ch\/index.php?rest_route=%2Fwp%2Fv2%2Fmedia&parent=281"}],"curies":[{"name":"wp","href":"https:\/\/api.w.org\/{rel}","templated":true}]}}