{"id":153,"date":"2016-06-12T11:43:28","date_gmt":"2016-06-12T09:43:28","guid":{"rendered":"https:\/\/sdv-nidelbad.ch\/?page_id=153"},"modified":"2026-03-27T10:16:20","modified_gmt":"2026-03-27T09:16:20","slug":"impressum","status":"publish","type":"page","link":"https:\/\/sdv-nidelbad.ch\/?page_id=153","title":{"rendered":"Impressum"},"content":{"rendered":"<div id=\"pl-153\"  class=\"panel-layout\" ><div id=\"pg-153-0\"  class=\"panel-grid panel-no-style\" ><div id=\"pgc-153-0-0\"  class=\"panel-grid-cell\" ><div id=\"panel-153-0-0-0\" class=\"so-panel widget widget_sow-editor panel-first-child panel-last-child\" data-index=\"0\" ><div\n\t\t\t\n\t\t\tclass=\"so-widget-sow-editor so-widget-sow-editor-base\"\n\t\t\t\n\t\t>\n<div class=\"siteorigin-widget-tinymce textwidget\">\n\t<p>Schweizerischer Diakonieverein<br \/>\nEggrainweg 5<br \/>\nCH-8803 R\u00fcschlikon<\/p>\n<p><a href=\"mailto:info@sdv-nidelbad.ch\">info@sdv-nidelbad.ch<\/a><\/p>\n<p>&nbsp;<\/p>\n<p><strong>Vorstand:<\/strong><\/p>\n<ul>\n<li>Konrad Schelker, Pr\u00e4sident<\/li>\n<li>Esther Huber, Vorstand<\/li>\n<li>Giorgio B\u00fcrgi, Vorstand<\/li>\n<\/ul>\n<p>&nbsp;<\/p>\n<p>F\u00fcr die Website verantwortlich: Marco W\u00fcrgler (marco.wuergler(at)sdv-nidelbad.ch)<\/p>\n<p>&nbsp;<\/p>\n<p>&nbsp;<\/p>\n<p>&nbsp;<\/p>\n<p>&nbsp;<\/p>\n<\/div>\n<\/div><\/div><\/div><\/div><\/div>","protected":false},"excerpt":{"rendered":"<p>Schweizerischer Diakonieverein Eggrainweg 5 CH-8803 R\u00fcschlikon info@sdv-nidelbad.ch &nbsp; Vorstand: Konrad Schelker, Pr\u00e4sident Esther Huber, Vorstand Giorgio B\u00fcrgi, Vorstand &nbsp; F\u00fcr die Website verantwortlich: Marco W\u00fcrgler (marco.wuergler(at)sdv-nidelbad.ch) &nbsp; &nbsp; &nbsp; &nbsp;<\/p>\n","protected":false},"author":1,"featured_media":0,"parent":0,"menu_order":7,"comment_status":"closed","ping_status":"closed","template":"","meta":{"footnotes":""},"class_list":["post-153","page","type-page","status-publish","hentry"],"_links":{"self":[{"href":"https:\/\/sdv-nidelbad.ch\/index.php?rest_route=\/wp\/v2\/pages\/153","targetHints":{"allow":["GET"]}}],"collection":[{"href":"https:\/\/sdv-nidelbad.ch\/index.php?rest_route=\/wp\/v2\/pages"}],"about":[{"href":"https:\/\/sdv-nidelbad.ch\/index.php?rest_route=\/wp\/v2\/types\/page"}],"author":[{"embeddable":true,"href":"https:\/\/sdv-nidelbad.ch\/index.php?rest_route=\/wp\/v2\/users\/1"}],"replies":[{"embeddable":true,"href":"https:\/\/sdv-nidelbad.ch\/index.php?rest_route=%2Fwp%2Fv2%2Fcomments&post=153"}],"version-history":[{"count":9,"href":"https:\/\/sdv-nidelbad.ch\/index.php?rest_route=\/wp\/v2\/pages\/153\/revisions"}],"predecessor-version":[{"id":447,"href":"https:\/\/sdv-nidelbad.ch\/index.php?rest_route=\/wp\/v2\/pages\/153\/revisions\/447"}],"wp:attachment":[{"href":"https:\/\/sdv-nidelbad.ch\/index.php?rest_route=%2Fwp%2Fv2%2Fmedia&parent=153"}],"curies":[{"name":"wp","href":"https:\/\/api.w.org\/{rel}","templated":true}]}}